{"id":371,"date":"2018-10-08T19:13:32","date_gmt":"2018-10-08T19:13:32","guid":{"rendered":"http:\/\/focolaremalta.claritasdesigns.com\/?page_id=371"},"modified":"2019-02-14T17:13:05","modified_gmt":"2019-02-14T17:13:05","slug":"zghazagh","status":"publish","type":"page","link":"https:\/\/focolaremalta.org\/en\/attivita\/zghazagh\/","title":{"rendered":"\u017bg\u0127a\u017cag\u0127"},"content":{"rendered":"<p><strong>Moviment \u017bg\u0127a\u017cag\u0127 g\u0127all-Unit\u00e0<\/strong><\/p>\n<p>Il-Kari\u017cma tal-Unit\u00e0 hi miftu\u0127a ukoll g\u0127a\u017c-\u017cg\u0127a\u017cag\u0127. Esperjenzi ta&#8217; \u017cg\u0127a\u017cag\u0127 kif jg\u0127ixu l-Idejal tal-Unit\u00e0. Ghal-aktar informazzjoni:<br \/>\nWebsite internazzjonali: <a href=\"http:\/\/y4uw.org\/who-we-are\/\" target=\"_blank\" rel=\"noopener\">http:\/\/y4uw.org<\/a><\/p>\n<p><iframe loading=\"lazy\" width=\"325\" height=\"183\" src=\"https:\/\/www.youtube.com\/embed\/q0wvGezpVvk?feature=oembed\" frameborder=\"0\" allow=\"accelerometer; autoplay; encrypted-media; gyroscope; picture-in-picture\" allowfullscreen><\/iframe><\/p>\n<p><strong>Moviment \u017bg\u0127a\u017cag\u0127 g\u0127all-Unit\u00e0 &#8211; Malta<\/strong><\/p>\n<p>Facebook: <a href=\"https:\/\/www.facebook.com\/y4uwmalta\/\" target=\"_blank\" rel=\"noopener\">https:\/\/www.facebook.com\/pg\/Teens4UnityMalta<\/a><\/p>\n<p>Min hu interessat jista\u2019 jikkuntattja il-\u010aentru tal-Fokolari: <a href=\"mailto:focolare.malta@outlook.com\">focolare.malta@outlook.com<\/a><\/p>\n<hr \/>\n<p>Genfest 2018<\/p>\n<p><iframe loading=\"lazy\" width=\"325\" height=\"183\" src=\"https:\/\/www.youtube.com\/embed\/d0WycQOK63Y?feature=oembed\" frameborder=\"0\" allow=\"accelerometer; autoplay; encrypted-media; gyroscope; picture-in-picture\" allowfullscreen><\/iframe><\/p>","protected":false},"excerpt":{"rendered":"<p>Moviment \u017bg\u0127a\u017cag\u0127 g\u0127all-Unit\u00e0 Il-Kari\u017cma tal-Unit\u00e0 hi miftu\u0127a ukoll g\u0127a\u017c-\u017cg\u0127a\u017cag\u0127. Esperjenzi ta&#8217; \u017cg\u0127a\u017cag\u0127 kif jg\u0127ixu l-Idejal tal-Unit\u00e0. Ghal-aktar informazzjoni: Website internazzjonali: http:\/\/y4uw.org Moviment \u017bg\u0127a\u017cag\u0127 g\u0127all-Unit\u00e0 &#8211; Malta Facebook: https:\/\/www.facebook.com\/pg\/Teens4UnityMalta Min hu interessat jista\u2019 jikkuntattja il-\u010aentru tal-Fokolari: focolare.malta@outlook.com Genfest 2018<\/p>\n","protected":false},"author":2,"featured_media":0,"parent":766,"menu_order":0,"comment_status":"closed","ping_status":"closed","template":"template-contact.php","meta":{"footnotes":""},"class_list":["post-371","page","type-page","status-publish","hentry"],"yoast_head":"<!-- This site is optimized with the Yoast SEO plugin v27.3 - https:\/\/yoast.com\/product\/yoast-seo-wordpress\/ -->\n<title>\u017bg\u0127a\u017cag\u0127 - Focolare Movement<\/title>\n<meta name=\"robots\" content=\"noindex, follow\" \/>\n<meta property=\"og:locale\" content=\"en_US\" \/>\n<meta property=\"og:type\" content=\"article\" \/>\n<meta property=\"og:title\" content=\"[:mt]\u017bg\u0127a\u017cag\u0127[:en]\u017bg\u0127a\u017cag\u0127[:gb]Youth[:] - Focolare Movement\" \/>\n<meta property=\"og:description\" content=\"Moviment \u017bg\u0127a\u017cag\u0127 g\u0127all-Unit\u00e0 Il-Kari\u017cma tal-Unit\u00e0 hi miftu\u0127a ukoll g\u0127a\u017c-\u017cg\u0127a\u017cag\u0127. Esperjenzi ta&#8217; \u017cg\u0127a\u017cag\u0127 kif jg\u0127ixu l-Idejal tal-Unit\u00e0. Ghal-aktar informazzjoni: Website internazzjonali: http:\/\/y4uw.org Moviment \u017bg\u0127a\u017cag\u0127 g\u0127all-Unit\u00e0 &#8211; Malta Facebook: https:\/\/www.facebook.com\/pg\/Teens4UnityMalta Min hu interessat jista\u2019 jikkuntattja il-\u010aentru tal-Fokolari: focolare.malta@outlook.com Genfest 2018\" \/>\n<meta property=\"og:url\" content=\"https:\/\/focolaremalta.org\/attivita\/zghazagh\/\" \/>\n<meta property=\"og:site_name\" content=\"Focolare Movement\" \/>\n<meta property=\"article:publisher\" content=\"https:\/\/www.facebook.com\/focolaremalta\/\" \/>\n<meta property=\"article:modified_time\" content=\"2019-02-14T17:13:05+00:00\" \/>\n<meta name=\"twitter:card\" content=\"summary_large_image\" \/>\n<meta name=\"twitter:label1\" content=\"Est. reading time\" \/>\n\t<meta name=\"twitter:data1\" content=\"1 minute\" \/>\n<script type=\"application\/ld+json\" class=\"yoast-schema-graph\">{\"@context\":\"https:\\\/\\\/schema.org\",\"@graph\":[{\"@type\":\"WebPage\",\"@id\":\"https:\\\/\\\/focolaremalta.org\\\/attivita\\\/zghazagh\\\/\",\"url\":\"https:\\\/\\\/focolaremalta.org\\\/attivita\\\/zghazagh\\\/\",\"name\":\"[:mt]\u017bg\u0127a\u017cag\u0127[:en]\u017bg\u0127a\u017cag\u0127[:gb]Youth[:] - Focolare Movement\",\"isPartOf\":{\"@id\":\"https:\\\/\\\/focolaremalta.org\\\/#website\"},\"datePublished\":\"2018-10-08T19:13:32+00:00\",\"dateModified\":\"2019-02-14T17:13:05+00:00\",\"breadcrumb\":{\"@id\":\"https:\\\/\\\/focolaremalta.org\\\/attivita\\\/zghazagh\\\/#breadcrumb\"},\"inLanguage\":\"en-US\",\"potentialAction\":[{\"@type\":\"ReadAction\",\"target\":[\"https:\\\/\\\/focolaremalta.org\\\/attivita\\\/zghazagh\\\/\"]}]},{\"@type\":\"BreadcrumbList\",\"@id\":\"https:\\\/\\\/focolaremalta.org\\\/attivita\\\/zghazagh\\\/#breadcrumb\",\"itemListElement\":[{\"@type\":\"ListItem\",\"position\":1,\"name\":\"Home\",\"item\":\"https:\\\/\\\/focolaremalta.org\\\/\"},{\"@type\":\"ListItem\",\"position\":2,\"name\":\"Attivita'\",\"item\":\"https:\\\/\\\/focolaremalta.org\\\/attivita\\\/\"},{\"@type\":\"ListItem\",\"position\":3,\"name\":\"\u017bg\u0127a\u017cag\u0127\"}]},{\"@type\":\"WebSite\",\"@id\":\"https:\\\/\\\/focolaremalta.org\\\/#website\",\"url\":\"https:\\\/\\\/focolaremalta.org\\\/\",\"name\":\"Moviment tal-Fokolari\",\"description\":\"\",\"publisher\":{\"@id\":\"https:\\\/\\\/focolaremalta.org\\\/#organization\"},\"potentialAction\":[{\"@type\":\"SearchAction\",\"target\":{\"@type\":\"EntryPoint\",\"urlTemplate\":\"https:\\\/\\\/focolaremalta.org\\\/?s={search_term_string}\"},\"query-input\":{\"@type\":\"PropertyValueSpecification\",\"valueRequired\":true,\"valueName\":\"search_term_string\"}}],\"inLanguage\":\"en-US\"},{\"@type\":\"Organization\",\"@id\":\"https:\\\/\\\/focolaremalta.org\\\/#organization\",\"name\":\"Focolare Movement Malta\",\"url\":\"https:\\\/\\\/focolaremalta.org\\\/\",\"logo\":{\"@type\":\"ImageObject\",\"inLanguage\":\"en-US\",\"@id\":\"https:\\\/\\\/focolaremalta.org\\\/#\\\/schema\\\/logo\\\/image\\\/\",\"url\":\"https:\\\/\\\/focolaremalta.org\\\/wp-content\\\/uploads\\\/2022\\\/11\\\/cropped-FocolareMalta_logo_c.png\",\"contentUrl\":\"https:\\\/\\\/focolaremalta.org\\\/wp-content\\\/uploads\\\/2022\\\/11\\\/cropped-FocolareMalta_logo_c.png\",\"width\":266,\"height\":200,\"caption\":\"Focolare Movement Malta\"},\"image\":{\"@id\":\"https:\\\/\\\/focolaremalta.org\\\/#\\\/schema\\\/logo\\\/image\\\/\"},\"sameAs\":[\"https:\\\/\\\/www.facebook.com\\\/focolaremalta\\\/\"]}]}<\/script>\n<!-- \/ Yoast SEO plugin. -->","yoast_head_json":{"title":"[:mt]\u017bg\u0127a\u017cag\u0127[:en]\u017bg\u0127a\u017cag\u0127[:gb]Youth[:] - Focolare Movement","robots":{"index":"noindex","follow":"follow"},"og_locale":"en_US","og_type":"article","og_title":"[:mt]\u017bg\u0127a\u017cag\u0127[:en]\u017bg\u0127a\u017cag\u0127[:gb]Youth[:] - Focolare Movement","og_description":"Moviment \u017bg\u0127a\u017cag\u0127 g\u0127all-Unit\u00e0 Il-Kari\u017cma tal-Unit\u00e0 hi miftu\u0127a ukoll g\u0127a\u017c-\u017cg\u0127a\u017cag\u0127. Esperjenzi ta&#8217; \u017cg\u0127a\u017cag\u0127 kif jg\u0127ixu l-Idejal tal-Unit\u00e0. Ghal-aktar informazzjoni: Website internazzjonali: http:\/\/y4uw.org Moviment \u017bg\u0127a\u017cag\u0127 g\u0127all-Unit\u00e0 &#8211; Malta Facebook: https:\/\/www.facebook.com\/pg\/Teens4UnityMalta Min hu interessat jista\u2019 jikkuntattja il-\u010aentru tal-Fokolari: focolare.malta@outlook.com Genfest 2018","og_url":"https:\/\/focolaremalta.org\/attivita\/zghazagh\/","og_site_name":"Focolare Movement","article_publisher":"https:\/\/www.facebook.com\/focolaremalta\/","article_modified_time":"2019-02-14T17:13:05+00:00","twitter_card":"summary_large_image","twitter_misc":{"Est. reading time":"1 minute"},"schema":{"@context":"https:\/\/schema.org","@graph":[{"@type":"WebPage","@id":"https:\/\/focolaremalta.org\/attivita\/zghazagh\/","url":"https:\/\/focolaremalta.org\/attivita\/zghazagh\/","name":"[:mt]\u017bg\u0127a\u017cag\u0127[:en]\u017bg\u0127a\u017cag\u0127[:gb]Youth[:] - Focolare Movement","isPartOf":{"@id":"https:\/\/focolaremalta.org\/#website"},"datePublished":"2018-10-08T19:13:32+00:00","dateModified":"2019-02-14T17:13:05+00:00","breadcrumb":{"@id":"https:\/\/focolaremalta.org\/attivita\/zghazagh\/#breadcrumb"},"inLanguage":"en-US","potentialAction":[{"@type":"ReadAction","target":["https:\/\/focolaremalta.org\/attivita\/zghazagh\/"]}]},{"@type":"BreadcrumbList","@id":"https:\/\/focolaremalta.org\/attivita\/zghazagh\/#breadcrumb","itemListElement":[{"@type":"ListItem","position":1,"name":"Home","item":"https:\/\/focolaremalta.org\/"},{"@type":"ListItem","position":2,"name":"Attivita'","item":"https:\/\/focolaremalta.org\/attivita\/"},{"@type":"ListItem","position":3,"name":"\u017bg\u0127a\u017cag\u0127"}]},{"@type":"WebSite","@id":"https:\/\/focolaremalta.org\/#website","url":"https:\/\/focolaremalta.org\/","name":"Moviment tal-Fokolari","description":"","publisher":{"@id":"https:\/\/focolaremalta.org\/#organization"},"potentialAction":[{"@type":"SearchAction","target":{"@type":"EntryPoint","urlTemplate":"https:\/\/focolaremalta.org\/?s={search_term_string}"},"query-input":{"@type":"PropertyValueSpecification","valueRequired":true,"valueName":"search_term_string"}}],"inLanguage":"en-US"},{"@type":"Organization","@id":"https:\/\/focolaremalta.org\/#organization","name":"Focolare Movement Malta","url":"https:\/\/focolaremalta.org\/","logo":{"@type":"ImageObject","inLanguage":"en-US","@id":"https:\/\/focolaremalta.org\/#\/schema\/logo\/image\/","url":"https:\/\/focolaremalta.org\/wp-content\/uploads\/2022\/11\/cropped-FocolareMalta_logo_c.png","contentUrl":"https:\/\/focolaremalta.org\/wp-content\/uploads\/2022\/11\/cropped-FocolareMalta_logo_c.png","width":266,"height":200,"caption":"Focolare Movement Malta"},"image":{"@id":"https:\/\/focolaremalta.org\/#\/schema\/logo\/image\/"},"sameAs":["https:\/\/www.facebook.com\/focolaremalta\/"]}]}},"_links":{"self":[{"href":"https:\/\/focolaremalta.org\/en\/wp-json\/wp\/v2\/pages\/371","targetHints":{"allow":["GET"]}}],"collection":[{"href":"https:\/\/focolaremalta.org\/en\/wp-json\/wp\/v2\/pages"}],"about":[{"href":"https:\/\/focolaremalta.org\/en\/wp-json\/wp\/v2\/types\/page"}],"author":[{"embeddable":true,"href":"https:\/\/focolaremalta.org\/en\/wp-json\/wp\/v2\/users\/2"}],"replies":[{"embeddable":true,"href":"https:\/\/focolaremalta.org\/en\/wp-json\/wp\/v2\/comments?post=371"}],"version-history":[{"count":9,"href":"https:\/\/focolaremalta.org\/en\/wp-json\/wp\/v2\/pages\/371\/revisions"}],"predecessor-version":[{"id":154075,"href":"https:\/\/focolaremalta.org\/en\/wp-json\/wp\/v2\/pages\/371\/revisions\/154075"}],"up":[{"embeddable":true,"href":"https:\/\/focolaremalta.org\/en\/wp-json\/wp\/v2\/pages\/766"}],"wp:attachment":[{"href":"https:\/\/focolaremalta.org\/en\/wp-json\/wp\/v2\/media?parent=371"}],"curies":[{"name":"wp","href":"https:\/\/api.w.org\/{rel}","templated":true}]}}